{"id":442,"date":"2024-08-22T06:08:51","date_gmt":"2024-08-22T06:08:51","guid":{"rendered":"https:\/\/smartusagroup.com\/?page_id=442"},"modified":"2024-08-22T13:47:38","modified_gmt":"2024-08-22T13:47:38","slug":"politica-de-privacidad","status":"publish","type":"page","link":"https:\/\/smartusagroup.com\/es\/politica-de-privacidad\/","title":{"rendered":"Pol\u00edtica de privacidad"},"content":{"rendered":"\n[et_pb_section fb_built=\u00bb1&#8243; custom_padding_last_edited=\u00bboff|phone\u00bb _builder_version=\u00bb4.27.0&#8243; _module_preset=\u00bbdefault\u00bb custom_padding=\u00bb100px||||false|false\u00bb custom_padding_tablet=\u00bb100px||||false|false\u00bb custom_padding_phone=\u00bb10px||||false|false\u00bb global_colors_info=\u00bb{}\u00bb locked=\u00bboff\u00bb theme_builder_area=\u00bbpost_content\u00bb][et_pb_row _builder_version=\u00bb4.27.0&#8243; _module_preset=\u00bbdefault\u00bb width_tablet=\u00bb\u00bb width_phone=\u00bb90%\u00bb width_last_edited=\u00bbon|phone\u00bb global_colors_info=\u00bb{}\u00bb theme_builder_area=\u00bbpost_content\u00bb][et_pb_column type=\u00bb4_4&#8243; _builder_version=\u00bb4.27.0&#8243; _module_preset=\u00bbdefault\u00bb global_colors_info=\u00bb{}\u00bb theme_builder_area=\u00bbpost_content\u00bb][et_pb_text _builder_version=\u00bb4.27.0&#8243; _module_preset=\u00bbdefault\u00bb text_font=\u00bbArchivo|500|||||||\u00bb link_text_color=\u00bb#79B8F7&#8243; header_font=\u00bbArchivo|600|||||||\u00bb header_2_font=\u00bbArchivo|600|||||||\u00bb header_3_font=\u00bb|600|||||||\u00bb header_4_font=\u00bb|600|||||||\u00bb header_5_font=\u00bb|600|||||||\u00bb header_6_font=\u00bb|600|||||||\u00bb hover_enabled=\u00bb0&#8243; global_colors_info=\u00bb{}\u00bb theme_builder_area=\u00bbpost_content\u00bb sticky_enabled=\u00bb0&#8243;]<h1>Pol\u00edtica de Privacidad<\/h1>\n\n<p><strong>\u00daltima actualizaci\u00f3n:<\/strong> 06 de agosto de 2024<\/p>\n\n<p>Esta Pol\u00edtica de Privacidad describe nuestras pol\u00edticas y procedimientos sobre la recopilaci\u00f3n, el uso y la divulgaci\u00f3n de su informaci\u00f3n cuando utiliza nuestros servicios. Le informa sobre sus derechos de privacidad y c\u00f3mo la ley le protege.<\/p>\n\n<p>Usamos sus datos personales para proporcionar y mejorar nuestros servicios. Al usar nuestros servicios, usted acepta la recopilaci\u00f3n y el uso de informaci\u00f3n de acuerdo con esta Pol\u00edtica de Privacidad.<\/p>\n\n<h2>Interpretaci\u00f3n y Definiciones<\/h2>\n\n<h3>Interpretaci\u00f3n<\/h3>\n\n<p>Las palabras cuya letra inicial est\u00e1 en may\u00fascula tienen significados definidos bajo las siguientes condiciones. Las siguientes definiciones tendr\u00e1n el mismo significado independientemente de si aparecen en singular o en plural.<\/p>\n\n<h3>Definiciones<\/h3>\n\n<p>Para los prop\u00f3sitos de esta Pol\u00edtica de Privacidad:<\/p>\n\n<ul>\n    <li><strong>Cuenta:<\/strong> significa una cuenta \u00fanica creada para que usted acceda a nuestro Servicio o partes de nuestro Servicio.<\/li>\n    <li><strong>Afiliado:<\/strong> significa una entidad que controla, es controlada por o est\u00e1 bajo control com\u00fan con una parte, donde \u00abcontrol\u00bb significa la propiedad del 50% o m\u00e1s de las acciones, intereses de capital u otros valores con derecho a voto para la elecci\u00f3n de directores u otra autoridad de gesti\u00f3n.<\/li>\n    <li><strong>Empresa:<\/strong> (referida como \u00abla Empresa\u00bb, \u00abNosotros\u00bb, \u00abNos\u00bb o \u00abNuestro\u00bb en este Acuerdo) se refiere a SMART USA GROUP S.R.L., Miami Beach, Florida, Estados Unidos.<\/li>\n    <li><strong>Cookies:<\/strong> son peque\u00f1os archivos que se colocan en su computadora, dispositivo m\u00f3vil o cualquier otro dispositivo por un sitio web, que contienen los detalles de su historial de navegaci\u00f3n en ese sitio web entre sus muchos usos.<\/li>\n    <li><strong>Pa\u00eds:<\/strong> se refiere a: Estados Unidos.<\/li>\n    <li><strong>Dispositivo:<\/strong> significa cualquier dispositivo que pueda acceder al Servicio, como una computadora, un tel\u00e9fono m\u00f3vil o una tableta digital.<\/li>\n    <li><strong>Datos Personales:<\/strong> es cualquier informaci\u00f3n que se relaciona con una persona identificada o identificable.<\/li>\n    <li><strong>Servicio:<\/strong> se refiere al sitio web.<\/li>\n    <li><strong>Proveedor de Servicios:<\/strong> significa cualquier persona natural o jur\u00eddica que procesa los datos en nombre de la Empresa. Se refiere a empresas o individuos terceros empleados por la Empresa para facilitar el Servicio, para proporcionar el Servicio en nombre de la Empresa, para realizar servicios relacionados con el Servicio o para ayudar a la Empresa a analizar c\u00f3mo se utiliza el Servicio.<\/li>\n    <li><strong>Datos de Uso:<\/strong> se refiere a los datos recopilados autom\u00e1ticamente, ya sea generados por el uso del Servicio o de la infraestructura del Servicio en s\u00ed (por ejemplo, la duraci\u00f3n de una visita a una p\u00e1gina).<\/li>\n    <li><strong>Sitio web:<\/strong> se refiere a SMART USA GROUP S.R.L., accesible desde https:\/\/smartusagroup.com\/<\/li>\n    <li><strong>Usted:<\/strong> se refiere a la persona que accede o usa el Servicio, o la empresa u otra entidad legal en nombre de la cual dicha persona accede o usa el Servicio, seg\u00fan corresponda.<\/li>\n<\/ul>\n\n<h2>Recopilaci\u00f3n y Uso de sus Datos Personales<\/h2>\n\n<h3>Tipos de Datos Recopilados<\/h3>\n\n<h4>Datos Personales<\/h4>\n\n<p>Al utilizar nuestro Servicio, es posible que le solicitemos que nos proporcione cierta informaci\u00f3n de identificaci\u00f3n personal que puede usarse para contactarlo o identificarlo. La informaci\u00f3n de identificaci\u00f3n personal puede incluir, entre otros:<\/p>\n\n<ul>\n    <li>Direcci\u00f3n de correo electr\u00f3nico<\/li>\n    <li>Nombre y apellido<\/li>\n    <li>N\u00famero de tel\u00e9fono<\/li>\n    <li>Direcci\u00f3n, Estado, Provincia, C\u00f3digo Postal, Ciudad<\/li>\n<\/ul>\n\n<h4>Datos de Uso<\/h4>\n\n<p>Los Datos de Uso se recopilan autom\u00e1ticamente cuando se utiliza el Servicio.<\/p>\n\n<p>Los Datos de Uso pueden incluir informaci\u00f3n como la direcci\u00f3n de Protocolo de Internet (por ejemplo, direcci\u00f3n IP) de su dispositivo, tipo de navegador, versi\u00f3n del navegador, las p\u00e1ginas de nuestro Servicio que visita, la hora y fecha de su visita, el tiempo dedicado a esas p\u00e1ginas, identificadores \u00fanicos de dispositivos y otros datos de diagn\u00f3stico.<\/p>\n\n<p>Cuando accede al Servicio a trav\u00e9s de un dispositivo m\u00f3vil o por medio de este, es posible que recopilemos cierta informaci\u00f3n autom\u00e1ticamente, incluida, entre otros, el tipo de dispositivo m\u00f3vil que usa, su ID \u00fanico de dispositivo m\u00f3vil, la direcci\u00f3n IP de su dispositivo m\u00f3vil, su sistema operativo m\u00f3vil, el tipo de navegador de Internet m\u00f3vil que utiliza, identificadores \u00fanicos de dispositivos y otros datos de diagn\u00f3stico.<\/p>\n\n<p>Tambi\u00e9n podemos recopilar informaci\u00f3n que su navegador env\u00eda cada vez que visita nuestro Servicio o cuando accede al Servicio a trav\u00e9s de un dispositivo m\u00f3vil.<\/p>\n\n<h3>Tecnolog\u00edas de Seguimiento y Cookies<\/h3>\n\n<p>Usamos Cookies y tecnolog\u00edas de seguimiento similares para rastrear la actividad en nuestro Servicio y almacenar cierta informaci\u00f3n. Las tecnolog\u00edas de seguimiento utilizadas son balizas, etiquetas y scripts para recopilar y rastrear informaci\u00f3n y para mejorar y analizar nuestro Servicio.<\/p>\n\n<p>Las tecnolog\u00edas que usamos pueden incluir:<\/p>\n\n<ul>\n    <li><strong>Cookies o Cookies del Navegador:<\/strong> Una cookie es un peque\u00f1o archivo que se coloca en su Dispositivo. Puede indicar a su navegador que rechace todas las Cookies o que le indique cu\u00e1ndo se est\u00e1 enviando una Cookie. Sin embargo, si no acepta Cookies, es posible que no pueda usar algunas partes de nuestro Servicio. A menos que haya configurado su navegador para que rechace las Cookies, nuestro Servicio puede usar Cookies.<\/li>\n    <li><strong>Balizas Web:<\/strong> Ciertas secciones de nuestro Servicio y nuestros correos electr\u00f3nicos pueden contener peque\u00f1os archivos electr\u00f3nicos conocidos como balizas web (tambi\u00e9n denominadas gifs claros, etiquetas de p\u00edxeles y gifs de un solo p\u00edxel) que permiten a la Empresa, por ejemplo, contar a los usuarios que han visitado esas p\u00e1ginas o han abierto un correo electr\u00f3nico y para otras estad\u00edsticas relacionadas con el sitio web (por ejemplo, registrar la popularidad de una secci\u00f3n determinada y verificar la integridad del sistema y del servidor).<\/li>\n<\/ul>\n\n<p>Las Cookies pueden ser \u00abPersistentes\u00bb o \u00abde Sesi\u00f3n\u00bb. Las Cookies Persistentes permanecen en su computadora personal o dispositivo m\u00f3vil cuando se desconecta, mientras que las Cookies de Sesi\u00f3n se eliminan tan pronto como cierra su navegador web.<\/p>\n\n<h2>Uso de sus Datos Personales<\/h2>\n\n<p>La Empresa puede usar Datos Personales para los siguientes prop\u00f3sitos:<\/p>\n\n<ul>\n    <li><strong>Para proporcionar y mantener nuestro Servicio:<\/strong> incluido el monitoreo del uso de nuestro Servicio.<\/li>\n    <li><strong>Para gestionar su Cuenta:<\/strong> para gestionar su registro como usuario del Servicio. Los Datos Personales que proporcione pueden darle acceso a diferentes funcionalidades del Servicio que est\u00e1n disponibles para usted como usuario registrado.<\/li>\n    <li><strong>Para la ejecuci\u00f3n de un contrato:<\/strong> el desarrollo, cumplimiento y gesti\u00f3n del contrato de compra de productos, art\u00edculos o servicios que haya comprado u de cualquier otro contrato con Nosotros a trav\u00e9s del Servicio.<\/li>\n    <li><strong>Para contactarlo:<\/strong> para contactarlo por correo electr\u00f3nico, llamadas telef\u00f3nicas, SMS u otras formas equivalentes de comunicaci\u00f3n electr\u00f3nica, como las notificaciones push de una aplicaci\u00f3n m\u00f3vil con respecto a actualizaciones o comunicaciones informativas relacionadas con las funcionalidades, productos o servicios contratados, incluidas las actualizaciones de seguridad, cuando sea necesario o razonable para su implementaci\u00f3n.<\/li>\n    <li><strong>Para proporcionarle noticias, ofertas especiales e informaci\u00f3n general:<\/strong> sobre otros bienes, servicios y eventos que ofrecemos que son similares a los que ya ha comprado o consultado, a menos que haya optado por no recibir dicha informaci\u00f3n.<\/li>\n    <li><strong>Para gestionar sus solicitudes:<\/strong> Para atender y gestionar sus solicitudes hacia Nosotros.<\/li>\n    <li><strong>Para transferencias comerciales:<\/strong> Podemos usar su informaci\u00f3n para evaluar o llevar a cabo una fusi\u00f3n, desinversi\u00f3n, reestructuraci\u00f3n, reorganizaci\u00f3n, disoluci\u00f3n o cualquier otra venta o transferencia de algunos o todos nuestros activos, ya sea como empresa en funcionamiento o como parte de una quiebra, liquidaci\u00f3n o procedimiento similar, en el que los Datos Personales que tenemos sobre los usuarios de nuestro Servicio se encuentran entre los activos transferidos.<\/li>\n    <li><strong>Para otros prop\u00f3sitos:<\/strong> Podemos usar su informaci\u00f3n para otros prop\u00f3sitos, como an\u00e1lisis de datos, identificar tendencias de uso, determinar la efectividad de nuestras campa\u00f1as promocionales y para evaluar y mejorar nuestro Servicio, productos, servicios, marketing y su experiencia.<\/li>\n<\/ul>\n\n<h2>Retenci\u00f3n de sus Datos Personales<\/h2>\n\n<p>La Empresa retendr\u00e1 sus Datos Personales solo durante el tiempo que sea necesario para los prop\u00f3sitos establecidos en esta Pol\u00edtica de Privacidad. Retendremos y usaremos sus Datos Personales en la medida necesaria para cumplir con nuestras obligaciones legales (por ejemplo, si se nos exige retener sus datos para cumplir con las leyes aplicables), resolver disputas y hacer cumplir nuestros acuerdos y pol\u00edticas legales.<\/p>\n\n<p>La Empresa tambi\u00e9n retendr\u00e1 los Datos de Uso para fines de an\u00e1lisis interno. Los Datos de Uso generalmente se retienen por un per\u00edodo de tiempo m\u00e1s corto, excepto cuando estos datos se utilizan para fortalecer la seguridad o para mejorar la funcionalidad de nuestro Servicio, o estamos legalmente obligados a retener estos datos por per\u00edodos de tiempo m\u00e1s largos.<\/p>\n\n<h2>Transferencia de sus Datos Personales<\/h2>\n\n<p>Su informaci\u00f3n, incluidos los Datos Personales, se procesa en las oficinas operativas de la Empresa y en cualquier otro lugar donde se encuentren las partes involucradas en el procesamiento. Esto significa que esta informaci\u00f3n puede transferirse a \u2014 y mantenerse en \u2014 computadoras ubicadas fuera de su estado, provincia, pa\u00eds o cualquier otra jurisdicci\u00f3n gubernamental donde las leyes de protecci\u00f3n de datos puedan diferir de las de su jurisdicci\u00f3n.<\/p>\n\n<p>Su consentimiento a esta Pol\u00edtica de Privacidad seguido de su env\u00edo de dicha informaci\u00f3n representa su acuerdo con esa transferencia.<\/p>\n\n<p>La Empresa tomar\u00e1 todas las medidas razonablemente necesarias para garantizar que sus datos sean tratados de manera segura y de acuerdo con esta Pol\u00edtica de Privacidad y no se realizar\u00e1 ninguna transferencia de sus Datos Personales a una organizaci\u00f3n o un pa\u00eds a menos que existan controles adecuados, incluidos la seguridad de sus datos y otra informaci\u00f3n personal.<\/p>\n\n<h2>Divulgaci\u00f3n de sus Datos Personales<\/h2>\n\n<h3>Transacciones comerciales<\/h3>\n\n<p>Si la Empresa participa en una fusi\u00f3n, adquisici\u00f3n o venta de activos, sus Datos Personales pueden ser transferidos. Le notificaremos antes de que sus Datos Personales sean transferidos y queden sujetos a una Pol\u00edtica de Privacidad diferente.<\/p>\n\n<h3>Cumplimiento de la ley<\/h3>\n\n<p>Bajo ciertas circunstancias, la Empresa puede estar obligada a divulgar sus Datos Personales si as\u00ed lo requiere la ley o en respuesta a solicitudes v\u00e1lidas de autoridades p\u00fablicas (por ejemplo, un tribunal o una agencia gubernamental).<\/p>\n\n<h3>Otros requisitos legales<\/h3>\n\n<p>La Empresa puede divulgar sus Datos Personales de buena fe cuando considere que esta acci\u00f3n es necesaria para:<\/p>\n\n<ul>\n    <li>Cumplir con una obligaci\u00f3n legal<\/li>\n    <li>Proteger y defender los derechos o la propiedad de la Empresa<\/li>\n    <li>Prevenir o investigar posibles irregularidades en relaci\u00f3n con el Servicio<\/li>\n    <li>Proteger la seguridad personal de los usuarios del Servicio o del p\u00fablico<\/li>\n    <li>Protegerse contra la responsabilidad legal<\/li>\n<\/ul>\n\n<h2>Seguridad de sus Datos Personales<\/h2>\n\n<p>La seguridad de sus Datos Personales es importante para Nosotros, pero recuerde que ning\u00fan m\u00e9todo de transmisi\u00f3n a trav\u00e9s de Internet o de almacenamiento electr\u00f3nico es 100% seguro. Si bien nos esforzamos por utilizar medios comercialmente aceptables para proteger sus Datos Personales, no podemos garantizar su seguridad absoluta.<\/p>\n\n<h2>Enlaces a Otros Sitios Web<\/h2>\n\n<p>Nuestro Servicio puede contener enlaces a otros sitios web que no son operados por Nosotros. Si hace clic en un enlace de un tercero, ser\u00e1 dirigido al sitio de ese tercero. Le recomendamos encarecidamente que revise la Pol\u00edtica de Privacidad de cada sitio que visite.<\/p>\n\n<p>No tenemos control y no asumimos ninguna responsabilidad por el contenido, las pol\u00edticas de privacidad o las pr\u00e1cticas de los sitios o servicios de terceros.<\/p>\n\n<h2>Cambios en esta Pol\u00edtica de Privacidad<\/h2>\n\n<p>Podemos actualizar nuestra Pol\u00edtica de Privacidad de vez en cuando. Le notificaremos cualquier cambio publicando la nueva Pol\u00edtica de Privacidad en esta p\u00e1gina.<\/p>\n\n<p>Le informaremos a trav\u00e9s de un aviso destacado en nuestro Servicio, antes de que el cambio entre en vigencia y actualizaremos la \u00ab\u00daltima actualizaci\u00f3n\u00bb en la parte superior de esta Pol\u00edtica de Privacidad.<\/p>\n\n<p>Se le aconseja que revise esta Pol\u00edtica de Privacidad peri\u00f3dicamente para ver si hay cambios. Los cambios en esta Pol\u00edtica de Privacidad son efectivos cuando se publican en esta p\u00e1gina.<\/p>\n\n<h2>Cont\u00e1ctenos<\/h2>\n\n<p>Si tiene alguna pregunta sobre esta Pol\u00edtica de Privacidad, puede contactarnos:<\/p>\n\n<ul>\n    <li>Por correo electr\u00f3nico: info@smartusagroup.com<\/li>\n    <li>Visitando esta p\u00e1gina en nuestro sitio web: https:\/\/smartusagroup.com\/contacto<\/li>\n    <li>Por tel\u00e9fono: +1 305-555-1234<\/li>\n<\/ul>\n[\/et_pb_text][\/et_pb_column][\/et_pb_row][\/et_pb_section]\n","protected":false},"excerpt":{"rendered":"<p>Pol\u00edtica de Privacidad \u00daltima actualizaci\u00f3n: 06 de agosto de 2024 Esta Pol\u00edtica de Privacidad describe nuestras pol\u00edticas y procedimientos sobre la recopilaci\u00f3n, el uso y la divulgaci\u00f3n de su informaci\u00f3n cuando utiliza nuestros servicios. Le informa sobre sus derechos de privacidad y c\u00f3mo la ley le protege. Usamos sus datos personales para proporcionar y mejorar nuestros servicios. Al usar nuestros servicios, usted acepta la recopilaci\u00f3n y el uso de informaci\u00f3n de acuerdo con esta Pol\u00edtica de Privacidad. Interpretaci\u00f3n y Definiciones Interpretaci\u00f3n Las palabras cuya letra inicial est\u00e1 en may\u00fascula tienen significados definidos bajo las siguientes condiciones. Las siguientes definiciones tendr\u00e1n el mismo significado independientemente de si aparecen en singular o en plural. Definiciones Para los prop\u00f3sitos de esta Pol\u00edtica de Privacidad: Cuenta: significa una cuenta \u00fanica creada para que usted acceda a nuestro Servicio o partes de nuestro Servicio. Afiliado: significa una entidad que controla, es controlada por o est\u00e1 bajo control com\u00fan con una parte, donde \u00abcontrol\u00bb significa la propiedad del 50% o m\u00e1s de las acciones, intereses de capital u otros valores con derecho a voto para la elecci\u00f3n de directores u otra autoridad de gesti\u00f3n. Empresa: (referida como \u00abla Empresa\u00bb, \u00abNosotros\u00bb, \u00abNos\u00bb o \u00abNuestro\u00bb en este Acuerdo) [&hellip;]<\/p>\n","protected":false},"author":1,"featured_media":459,"parent":0,"menu_order":0,"comment_status":"closed","ping_status":"closed","template":"","meta":{"_et_pb_use_builder":"on","_et_pb_old_content":"","_et_gb_content_width":"","footnotes":""},"dipi_cpt_category":[],"class_list":["post-442","page","type-page","status-publish","has-post-thumbnail","hentry"],"_links":{"self":[{"href":"https:\/\/smartusagroup.com\/es\/wp-json\/wp\/v2\/pages\/442","targetHints":{"allow":["GET"]}}],"collection":[{"href":"https:\/\/smartusagroup.com\/es\/wp-json\/wp\/v2\/pages"}],"about":[{"href":"https:\/\/smartusagroup.com\/es\/wp-json\/wp\/v2\/types\/page"}],"author":[{"embeddable":true,"href":"https:\/\/smartusagroup.com\/es\/wp-json\/wp\/v2\/users\/1"}],"replies":[{"embeddable":true,"href":"https:\/\/smartusagroup.com\/es\/wp-json\/wp\/v2\/comments?post=442"}],"version-history":[{"count":3,"href":"https:\/\/smartusagroup.com\/es\/wp-json\/wp\/v2\/pages\/442\/revisions"}],"predecessor-version":[{"id":468,"href":"https:\/\/smartusagroup.com\/es\/wp-json\/wp\/v2\/pages\/442\/revisions\/468"}],"wp:featuredmedia":[{"embeddable":true,"href":"https:\/\/smartusagroup.com\/es\/wp-json\/wp\/v2\/media\/459"}],"wp:attachment":[{"href":"https:\/\/smartusagroup.com\/es\/wp-json\/wp\/v2\/media?parent=442"}],"wp:term":[{"taxonomy":"dipi_cpt_category","embeddable":true,"href":"https:\/\/smartusagroup.com\/es\/wp-json\/wp\/v2\/dipi_cpt_category?post=442"}],"curies":[{"name":"wp","href":"https:\/\/api.w.org\/{rel}","templated":true}]}}