{"id":31,"date":"2024-08-19T18:07:51","date_gmt":"2024-08-19T18:07:51","guid":{"rendered":"https:\/\/smartusagroup.com\/?page_id=31"},"modified":"2024-08-26T18:13:10","modified_gmt":"2024-08-26T18:13:10","slug":"cuenta-bancaria-de-negocios-en-usa","status":"publish","type":"page","link":"https:\/\/smartusagroup.com\/es\/cuenta-bancaria-de-negocios-en-usa\/","title":{"rendered":"Cuenta bancaria de negocios en USA"},"content":{"rendered":"<p>[et_pb_section fb_built=\u00bb1&#8243; custom_padding_last_edited=\u00bbon|phone\u00bb _builder_version=\u00bb4.27.0&#8243; _module_preset=\u00bbdefault\u00bb background_color=\u00bb#FDFDFD\u00bb background_image=\u00bbhttps:\/\/smartusagroup.com\/wp-content\/uploads\/2024\/08\/background7.png\u00bb background_size=\u00bbcontain\u00bb background_position=\u00bbtop_center\u00bb custom_margin_phone=\u00bb||||false|false\u00bb custom_margin_last_edited=\u00bboff|phone\u00bb custom_padding=\u00bb100px||72px||false|false\u00bb custom_padding_tablet=\u00bb\u00bb custom_padding_phone=\u00bb70px||40px||false|false\u00bb locked=\u00bboff\u00bb global_colors_info=\u00bb{}\u00bb][et_pb_row use_custom_gutter=\u00bbon\u00bb gutter_width=\u00bb1&#8243; make_equal=\u00bbon\u00bb custom_padding_last_edited=\u00bbon|phone\u00bb _builder_version=\u00bb4.27.0&#8243; _module_preset=\u00bbdefault\u00bb width_tablet=\u00bb\u00bb width_phone=\u00bb90%\u00bb width_last_edited=\u00bbon|phone\u00bb max_width=\u00bb100%\u00bb module_alignment=\u00bbcenter\u00bb custom_padding_tablet=\u00bb\u00bb custom_padding_phone=\u00bb60px||||false|false\u00bb global_colors_info=\u00bb{}\u00bb][et_pb_column type=\u00bb4_4&#8243; _builder_version=\u00bb4.27.0&#8243; _module_preset=\u00bbdefault\u00bb global_colors_info=\u00bb{}\u00bb][et_pb_text content_last_edited=\u00bboff|phone\u00bb _builder_version=\u00bb4.27.0&#8243; _module_preset=\u00bbdefault\u00bb text_font=\u00bbArchivo|600||on|||||\u00bb text_text_color=\u00bbrgba(4,72,117,0.3)\u00bb text_orientation=\u00bbcenter\u00bb width_tablet=\u00bb\u00bb width_phone=\u00bb60%\u00bb width_last_edited=\u00bbon|phone\u00bb text_line_height_tablet=\u00bb\u00bb text_line_height_phone=\u00bb1.2em\u00bb text_line_height_last_edited=\u00bbon|phone\u00bb module_alignment_tablet=\u00bb\u00bb module_alignment_phone=\u00bbcenter\u00bb module_alignment_last_edited=\u00bbon|phone\u00bb locked=\u00bboff\u00bb global_colors_info=\u00bb{}\u00bb]<\/p>\n<p>Cuenta bancaria de negocios en USA<\/p>\n<p>[\/et_pb_text][et_pb_text _builder_version=\u00bb4.27.0&#8243; _module_preset=\u00bbdefault\u00bb text_font=\u00bbArchivo|600||on|||||\u00bb text_text_color=\u00bb#044875&#8243; text_font_size=\u00bb52px\u00bb text_line_height=\u00bb1em\u00bb header_font=\u00bbArchivo|600||on|||||\u00bb header_text_color=\u00bb#044875&#8243; header_font_size=\u00bb56px\u00bb text_orientation=\u00bbcenter\u00bb width_tablet=\u00bb\u00bb width_phone=\u00bb100%\u00bb width_last_edited=\u00bbon|phone\u00bb max_width_tablet=\u00bb\u00bb max_width_phone=\u00bb100%\u00bb max_width_last_edited=\u00bbon|phone\u00bb custom_margin=\u00bb28px||||false|false\u00bb animation_style=\u00bbslide\u00bb animation_direction=\u00bbbottom\u00bb animation_duration=\u00bb1200ms\u00bb animation_intensity_slide=\u00bb8%\u00bb animation_speed_curve=\u00bbease\u00bb text_font_size_tablet=\u00bb56px\u00bb text_font_size_phone=\u00bb32px\u00bb text_font_size_last_edited=\u00bbon|desktop\u00bb header_text_align_tablet=\u00bb\u00bb header_text_align_phone=\u00bbcenter\u00bb header_text_align_last_edited=\u00bbon|phone\u00bb header_font_size_tablet=\u00bb56px\u00bb header_font_size_phone=\u00bb32px\u00bb header_font_size_last_edited=\u00bbon|desktop\u00bb locked=\u00bboff\u00bb global_colors_info=\u00bb{}\u00bb]<\/p>\n<p>Abrimos la cuenta bancaria de tu compa\u00f1\u00eda<\/p>\n<p>[\/et_pb_text][\/et_pb_column][\/et_pb_row][et_pb_row column_structure=\u00bb1_3,1_3,1_3&#8243; use_custom_gutter=\u00bbon\u00bb gutter_width=\u00bb2&#8243; make_equal=\u00bbon\u00bb custom_padding_last_edited=\u00bbon|phone\u00bb _builder_version=\u00bb4.27.0&#8243; _module_preset=\u00bbdefault\u00bb width=\u00bb60%\u00bb width_tablet=\u00bb60%\u00bb width_phone=\u00bb80%\u00bb width_last_edited=\u00bbon|phone\u00bb max_width=\u00bb100%\u00bb custom_margin=\u00bb48px||||false|false\u00bb custom_margin_tablet=\u00bb48px||||false|false\u00bb custom_margin_phone=\u00bb20px||0px||false|false\u00bb custom_margin_last_edited=\u00bbon|desktop\u00bb custom_padding_tablet=\u00bb\u00bb custom_padding_phone=\u00bb||0px||false|false\u00bb locked=\u00bboff\u00bb global_colors_info=\u00bb{}\u00bb][et_pb_column type=\u00bb1_3&#8243; _builder_version=\u00bb4.27.0&#8243; _module_preset=\u00bbdefault\u00bb background_color=\u00bb#DAE4EA\u00bb custom_padding=\u00bb0px|15px|50px|15px|false|true\u00bb animation_style=\u00bbslide\u00bb animation_direction=\u00bbbottom\u00bb animation_duration=\u00bb1200ms\u00bb animation_delay=\u00bb300ms\u00bb animation_intensity_slide=\u00bb10%\u00bb animation_speed_curve=\u00bbease\u00bb custom_css_main_element=\u00bboverflow: visible !important;||display: flex;||flex-direction: column;||justify-content: space-between;\u00bb border_radii=\u00bbon|4px|4px|4px|4px\u00bb global_colors_info=\u00bb{}\u00bb custom_css_main_element_last_edited=\u00bbon|phone\u00bb custom_css_main_element_phone=\u00bboverflow: visible !important;||margin-bottom: 90px !important;\u00bb custom_css_main_element_tablet=\u00bboverflow: visible !important;\u00bb][et_pb_image src=\u00bbhttps:\/\/smartusagroup.com\/wp-content\/uploads\/2024\/08\/Smart-USA-Group-Ico-70.png\u00bb title_text=\u00bbSmart USA Group &#8211; Ico-70&#8243; align=\u00bbcenter\u00bb _builder_version=\u00bb4.27.0&#8243; _module_preset=\u00bbdefault\u00bb width=\u00bb45%\u00bb width_tablet=\u00bb45%\u00bb width_phone=\u00bb40%\u00bb width_last_edited=\u00bbon|phone\u00bb module_alignment=\u00bbcenter\u00bb custom_margin=\u00bb-54px||20px||false|false\u00bb custom_padding=\u00bb||0px||false|false\u00bb global_colors_info=\u00bb{}\u00bb][\/et_pb_image][et_pb_text _builder_version=\u00bb4.27.0&#8243; _module_preset=\u00bbdefault\u00bb text_font=\u00bbArchivo|600||on|||||\u00bb text_text_color=\u00bb#044875&#8243; text_font_size=\u00bb18px\u00bb text_line_height=\u00bb1em\u00bb header_2_font=\u00bbArchivo|600||on|||||\u00bb header_2_text_align=\u00bbcenter\u00bb header_2_text_color=\u00bb#044875&#8243; header_2_font_size=\u00bb18px\u00bb text_orientation=\u00bbcenter\u00bb custom_margin=\u00bb0px||5px||false|false\u00bb custom_padding=\u00bb0px||||false|false\u00bb locked=\u00bboff\u00bb global_colors_info=\u00bb{}\u00bb]<\/p>\n<p>Banco f\u00edsico<\/p>\n<p>[\/et_pb_text][et_pb_text _builder_version=\u00bb4.27.0&#8243; _module_preset=\u00bbdefault\u00bb text_font=\u00bbArchivo|600|||||||\u00bb text_text_color=\u00bb#044875&#8243; text_font_size=\u00bb16px\u00bb text_line_height=\u00bb1em\u00bb header_2_font=\u00bbArchivo|600|||||||\u00bb header_2_text_align=\u00bbcenter\u00bb header_2_text_color=\u00bb#044875&#8243; header_2_font_size=\u00bb16px\u00bb text_orientation=\u00bbcenter\u00bb custom_margin=\u00bb0px||15px||false|false\u00bb custom_padding=\u00bb0px||||false|false\u00bb locked=\u00bboff\u00bb global_colors_info=\u00bb{}\u00bb]<\/p>\n<p>Primera l\u00ednea<\/p>\n<p>[\/et_pb_text][et_pb_text _builder_version=\u00bb4.27.0&#8243; _module_preset=\u00bbdefault\u00bb text_font=\u00bbArchivo||||||||\u00bb text_text_color=\u00bb#044875&#8243; text_font_size=\u00bb16px\u00bb text_line_height=\u00bb1em\u00bb text_orientation=\u00bbcenter\u00bb custom_margin=\u00bb0px||||false|false\u00bb custom_padding=\u00bb0px||||false|false\u00bb global_colors_info=\u00bb{}\u00bb]Abrimos la cuenta bancaria de tu compania, en Chase, Bank of America, TD Bank, Wells-Fargo[\/et_pb_text][\/et_pb_column][et_pb_column type=\u00bb1_3&#8243; _builder_version=\u00bb4.27.0&#8243; _module_preset=\u00bbdefault\u00bb background_color=\u00bb#DAE4EA\u00bb custom_padding=\u00bb0px|15px|50px|15px|false|true\u00bb animation_style=\u00bbslide\u00bb animation_direction=\u00bbbottom\u00bb animation_duration=\u00bb1200ms\u00bb animation_delay=\u00bb600ms\u00bb animation_intensity_slide=\u00bb10%\u00bb animation_speed_curve=\u00bbease\u00bb custom_css_main_element=\u00bboverflow: visible !important;||display: flex;||flex-direction: column;||justify-content: space-between;\u00bb border_radii=\u00bbon|4px|4px|4px|4px\u00bb global_colors_info=\u00bb{}\u00bb custom_css_main_element_last_edited=\u00bbon|phone\u00bb custom_css_main_element_phone=\u00bboverflow: visible !important;||margin-bottom: 90px !important;\u00bb custom_css_main_element_tablet=\u00bboverflow: visible !important;\u00bb][et_pb_image src=\u00bbhttps:\/\/smartusagroup.com\/wp-content\/uploads\/2024\/08\/Smart-USA-Group-Ico-76.png\u00bb title_text=\u00bbSmart USA Group &#8211; Ico-76&#8243; align=\u00bbcenter\u00bb _builder_version=\u00bb4.27.0&#8243; _module_preset=\u00bbdefault\u00bb width=\u00bb45%\u00bb width_tablet=\u00bb45%\u00bb width_phone=\u00bb40%\u00bb width_last_edited=\u00bbon|phone\u00bb module_alignment=\u00bbcenter\u00bb custom_margin=\u00bb-54px||20px||false|false\u00bb custom_padding=\u00bb||0px||false|false\u00bb global_colors_info=\u00bb{}\u00bb][\/et_pb_image][et_pb_text _builder_version=\u00bb4.27.0&#8243; _module_preset=\u00bbdefault\u00bb text_font=\u00bbArchivo|600||on|||||\u00bb text_text_color=\u00bb#044875&#8243; text_font_size=\u00bb18px\u00bb text_line_height=\u00bb1em\u00bb header_2_font=\u00bbArchivo|600||on|||||\u00bb header_2_text_align=\u00bbcenter\u00bb header_2_text_color=\u00bb#044875&#8243; header_2_font_size=\u00bb18px\u00bb text_orientation=\u00bbcenter\u00bb custom_margin=\u00bb0px||5px||false|false\u00bb custom_padding=\u00bb0px||||false|false\u00bb locked=\u00bboff\u00bb global_colors_info=\u00bb{}\u00bb]<\/p>\n<p>Banco electr\u00f3nico<\/p>\n<p>[\/et_pb_text][et_pb_text _builder_version=\u00bb4.27.0&#8243; _module_preset=\u00bbdefault\u00bb text_font=\u00bbArchivo|600|||||||\u00bb text_text_color=\u00bb#044875&#8243; text_font_size=\u00bb16px\u00bb text_line_height=\u00bb1em\u00bb header_2_font=\u00bbArchivo|600|||||||\u00bb header_2_text_align=\u00bbcenter\u00bb header_2_text_color=\u00bb#044875&#8243; header_2_font_size=\u00bb16px\u00bb text_orientation=\u00bbcenter\u00bb custom_margin=\u00bb0px||15px||false|false\u00bb custom_padding=\u00bb0px||||false|false\u00bb locked=\u00bboff\u00bb global_colors_info=\u00bb{}\u00bb]<\/p>\n<p>Protegido por la FDIC<\/p>\n<p>[\/et_pb_text][et_pb_text _builder_version=\u00bb4.27.0&#8243; _module_preset=\u00bbdefault\u00bb text_font=\u00bbArchivo||||||||\u00bb text_text_color=\u00bb#044875&#8243; text_font_size=\u00bb16px\u00bb text_line_height=\u00bb1em\u00bb text_orientation=\u00bbcenter\u00bb custom_margin=\u00bb0px||||false|false\u00bb custom_padding=\u00bb0px||||false|false\u00bb global_colors_info=\u00bb{}\u00bb]Una cuenta de banco adaptada a las nuevas tecnologias, asegurada por la FDIC hasta u$d 3 Millones[\/et_pb_text][\/et_pb_column][et_pb_column type=\u00bb1_3&#8243; _builder_version=\u00bb4.27.0&#8243; _module_preset=\u00bbdefault\u00bb background_color=\u00bb#DAE4EA\u00bb custom_padding=\u00bb0px|15px|50px|15px|false|true\u00bb animation_style=\u00bbslide\u00bb animation_direction=\u00bbbottom\u00bb animation_duration=\u00bb1200ms\u00bb animation_delay=\u00bb900ms\u00bb animation_intensity_slide=\u00bb10%\u00bb animation_speed_curve=\u00bbease\u00bb custom_css_main_element=\u00bboverflow: visible !important;||display: flex;||flex-direction: column;||justify-content: space-between;\u00bb border_radii=\u00bbon|4px|4px|4px|4px\u00bb global_colors_info=\u00bb{}\u00bb custom_css_main_element_last_edited=\u00bbon|phone\u00bb custom_css_main_element_phone=\u00bboverflow: visible !important;||margin-bottom: 90px !important;\u00bb custom_css_main_element_tablet=\u00bboverflow: visible !important;\u00bb][et_pb_image src=\u00bbhttps:\/\/smartusagroup.com\/wp-content\/uploads\/2024\/08\/Smart-USA-Group-Ico-73.png\u00bb title_text=\u00bbSmart USA Group &#8211; Ico-73&#8243; align=\u00bbcenter\u00bb _builder_version=\u00bb4.27.0&#8243; _module_preset=\u00bbdefault\u00bb width=\u00bb45%\u00bb width_tablet=\u00bb45%\u00bb width_phone=\u00bb40%\u00bb width_last_edited=\u00bbon|phone\u00bb module_alignment=\u00bbcenter\u00bb custom_margin=\u00bb-54px||20px||false|false\u00bb custom_padding=\u00bb||0px||false|false\u00bb global_colors_info=\u00bb{}\u00bb][\/et_pb_image][et_pb_text _builder_version=\u00bb4.27.0&#8243; _module_preset=\u00bbdefault\u00bb text_font=\u00bbArchivo|600||on|||||\u00bb text_text_color=\u00bb#044875&#8243; text_font_size=\u00bb18px\u00bb text_line_height=\u00bb1em\u00bb header_2_font=\u00bbArchivo|600||on|||||\u00bb header_2_text_align=\u00bbcenter\u00bb header_2_text_color=\u00bb#044875&#8243; header_2_font_size=\u00bb18px\u00bb text_orientation=\u00bbcenter\u00bb custom_margin=\u00bb0px||5px||false|false\u00bb custom_padding=\u00bb0px||||false|false\u00bb locked=\u00bboff\u00bb global_colors_info=\u00bb{}\u00bb]<\/p>\n<p>Cuenta bancaria<\/p>\n<p>[\/et_pb_text][et_pb_text _builder_version=\u00bb4.27.0&#8243; _module_preset=\u00bbdefault\u00bb text_font=\u00bbArchivo|600|||||||\u00bb text_text_color=\u00bb#044875&#8243; text_font_size=\u00bb16px\u00bb text_line_height=\u00bb1em\u00bb header_2_font=\u00bbArchivo|600|||||||\u00bb header_2_text_align=\u00bbcenter\u00bb header_2_text_color=\u00bb#044875&#8243; header_2_font_size=\u00bb16px\u00bb text_orientation=\u00bbcenter\u00bb custom_margin=\u00bb0px||15px||false|false\u00bb custom_padding=\u00bb0px||||false|false\u00bb locked=\u00bboff\u00bb global_colors_info=\u00bb{}\u00bb]<\/p>\n<p>A distancia<\/p>\n<p>[\/et_pb_text][et_pb_text _builder_version=\u00bb4.27.0&#8243; _module_preset=\u00bbdefault\u00bb text_font=\u00bbArchivo||||||||\u00bb text_text_color=\u00bb#044875&#8243; text_font_size=\u00bb16px\u00bb text_line_height=\u00bb1em\u00bb text_orientation=\u00bbcenter\u00bb custom_margin=\u00bb0px||||false|false\u00bb custom_padding=\u00bb0px||||false|false\u00bb global_colors_info=\u00bb{}\u00bb]Trabajamos con los gerentes de banco para que no tengas que viajar a firmar y obtengas tu cuenta desde la comodidad de tu casa.[\/et_pb_text][\/et_pb_column][\/et_pb_row][et_pb_row custom_padding_last_edited=\u00bbon|phone\u00bb _builder_version=\u00bb4.27.0&#8243; _module_preset=\u00bbdefault\u00bb custom_margin_tablet=\u00bb\u00bb custom_margin_phone=\u00bb0px||||false|false\u00bb custom_margin_last_edited=\u00bbon|phone\u00bb custom_padding_tablet=\u00bb\u00bb custom_padding_phone=\u00bb0px||||false|false\u00bb global_colors_info=\u00bb{}\u00bb][et_pb_column type=\u00bb4_4&#8243; _builder_version=\u00bb4.27.0&#8243; _module_preset=\u00bbdefault\u00bb global_colors_info=\u00bb{}\u00bb][et_pb_button button_url=\u00bbhttp:\/\/wa.me\/+17862942671&#8243; url_new_window=\u00bbon\u00bb button_text=\u00bbContactanos hoy\u00bb button_alignment=\u00bbcenter\u00bb button_alignment_tablet=\u00bbleft\u00bb button_alignment_phone=\u00bbcenter\u00bb button_alignment_last_edited=\u00bbon|phone\u00bb _builder_version=\u00bb4.27.0&#8243; _module_preset=\u00bbdefault\u00bb custom_button=\u00bbon\u00bb button_text_size=\u00bb16px\u00bb button_text_color=\u00bb#FDFDFD\u00bb button_bg_color=\u00bb#79B8F7&#8243; button_border_width=\u00bb0px\u00bb button_border_color=\u00bbRGBA(255,255,255,0)\u00bb button_border_radius=\u00bb4px\u00bb button_font=\u00bbArchivo|500|||||||\u00bb button_use_icon=\u00bboff\u00bb custom_margin=\u00bb20px||0px||false|false\u00bb custom_margin_tablet=\u00bb20px||0px||false|false\u00bb custom_margin_phone=\u00bb-15px||||false|false\u00bb custom_margin_last_edited=\u00bbon|phone\u00bb custom_padding=\u00bb10px|40px|10px|40px|true|true\u00bb animation_style=\u00bbslide\u00bb animation_direction=\u00bbbottom\u00bb animation_duration=\u00bb1200ms\u00bb animation_delay=\u00bb400ms\u00bb animation_intensity_slide=\u00bb10%\u00bb animation_speed_curve=\u00bbease\u00bb button_text_size_tablet=\u00bb16px\u00bb button_text_size_phone=\u00bb14px\u00bb button_text_size_last_edited=\u00bbon|phone\u00bb locked=\u00bboff\u00bb global_colors_info=\u00bb{}\u00bb button_bg_color__hover_enabled=\u00bbon|desktop\u00bb button_bg_color__hover=\u00bb#044875&#8243; button_bg_enable_color__hover=\u00bbon\u00bb][\/et_pb_button][\/et_pb_column][\/et_pb_row][\/et_pb_section][et_pb_section fb_built=\u00bb1&#8243; _builder_version=\u00bb4.27.0&#8243; _module_preset=\u00bbdefault\u00bb background_color=\u00bbRGBA(255,255,255,0)\u00bb positioning=\u00bbfixed\u00bb position_origin_f=\u00bbbottom_center\u00bb z_index=\u00bb999999999&#8243; custom_margin=\u00bb0px||0px||true|false\u00bb custom_padding=\u00bb1%|1%|1%|1%|true|true\u00bb animation_style=\u00bbfade\u00bb animation_duration=\u00bb1200ms\u00bb animation_delay=\u00bb1500ms\u00bb animation_speed_curve=\u00bbease\u00bb global_colors_info=\u00bb{}\u00bb global_module=\u00bb522&#8243; saved_tabs=\u00bball\u00bb locked=\u00bboff\u00bb][et_pb_row column_structure=\u00bb1_3,1_3,1_3&#8243; use_custom_gutter=\u00bbon\u00bb gutter_width=\u00bb1&#8243; make_equal=\u00bbon\u00bb custom_padding_last_edited=\u00bbon|phone\u00bb _builder_version=\u00bb4.27.0&#8243; _module_preset=\u00bbdefault\u00bb background_color=\u00bbrgba(4,72,117,0.85)\u00bb width=\u00bb100%\u00bb max_width=\u00bb100%\u00bb module_alignment=\u00bbcenter\u00bb custom_margin=\u00bb0px||0px||true|false\u00bb custom_padding=\u00bb4px|24px|0px|24px|false|true\u00bb custom_padding_tablet=\u00bb4px|24px|0px|24px|false|true\u00bb custom_padding_phone=\u00bb24px|24px|10px|24px|false|true\u00bb custom_css_main_element=\u00bboverflow: visible !important;\u00bb border_radii=\u00bbon|4px|4px|4px|4px\u00bb global_colors_info=\u00bb{}\u00bb][et_pb_column type=\u00bb1_3&#8243; _builder_version=\u00bb4.27.0&#8243; _module_preset=\u00bbdefault\u00bb custom_css_main_element=\u00bbdisplay: flex;||flex-direction: column;||justify-content: center;\u00bb global_colors_info=\u00bb{}\u00bb][et_pb_text _builder_version=\u00bb4.27.0&#8243; _module_preset=\u00bbdefault\u00bb text_font=\u00bbArchivo|500|||||||\u00bb text_text_color=\u00bb#FDFDFD\u00bb text_font_size=\u00bb26px\u00bb text_orientation_tablet=\u00bb\u00bb text_orientation_phone=\u00bbcenter\u00bb text_orientation_last_edited=\u00bbon|phone\u00bb global_colors_info=\u00bb{}\u00bb]<\/p>\n<p>COMENZA HOY POR <strong style=\"color: #79b8f7 !important;\">u$d 0<\/strong><\/p>\n<p>[\/et_pb_text][\/et_pb_column][et_pb_column type=\u00bb1_3&#8243; _builder_version=\u00bb4.27.0&#8243; _module_preset=\u00bbdefault\u00bb custom_css_main_element=\u00bbdisplay: flex;||flex-direction: column;||justify-content: center;\u00bb global_colors_info=\u00bb{}\u00bb][et_pb_text _builder_version=\u00bb4.27.0&#8243; _module_preset=\u00bbdefault\u00bb text_font=\u00bbArchivo|500|||||||\u00bb text_text_color=\u00bb#FDFDFD\u00bb text_font_size=\u00bb18px\u00bb text_font_size_tablet=\u00bb18px\u00bb text_font_size_phone=\u00bb16px\u00bb text_font_size_last_edited=\u00bbon|phone\u00bb text_orientation_tablet=\u00bb\u00bb text_orientation_phone=\u00bbcenter\u00bb text_orientation_last_edited=\u00bbon|phone\u00bb global_colors_info=\u00bb{}\u00bb]<\/p>\n<p>\u00a1Hasta que tu tr\u00e1mite este 100% terminado!<\/p>\n<p>[\/et_pb_text][\/et_pb_column][et_pb_column type=\u00bb1_3&#8243; module_class=\u00bbboton\u00bb _builder_version=\u00bb4.27.0&#8243; _module_preset=\u00bbdefault\u00bb custom_css_main_element=\u00bbdisplay: flex;||flex-direction: column;||justify-content: center;\u00bb global_colors_info=\u00bb{}\u00bb][et_pb_blurb title=\u00bbContactame por Whatsapp\u00bb url=\u00bbhttp:\/\/wa.me\/+17862942671&#8243; url_new_window=\u00bbon\u00bb image=\u00bbhttps:\/\/smartusagroup.com\/wp-content\/uploads\/2024\/08\/logo-whatsapp.png\u00bb icon_placement=\u00bbleft\u00bb image_icon_width=\u00bb88%\u00bb _builder_version=\u00bb4.27.0&#8243; _module_preset=\u00bbdefault\u00bb header_font=\u00bbArchivo|500|||||||\u00bb header_text_align=\u00bbright\u00bb header_text_color=\u00bb#FDFDFD\u00bb header_font_size=\u00bb16px\u00bb header_line_height=\u00bb0px\u00bb body_font=\u00bbArchivo||||||||\u00bb body_text_align=\u00bbright\u00bb body_text_color=\u00bb#FDFDFD\u00bb module_alignment=\u00bbright\u00bb custom_margin=\u00bb0px||0px||true|false\u00bb custom_padding=\u00bb0px||0px||true|false\u00bb link_option_url=\u00bbhttp:\/\/wa.me\/+17862942671&#8243; link_option_url_new_window=\u00bbon\u00bb custom_css_blurb_image=\u00bbwidth: 80px !important;||order: 1 !important;||margin-left: 10px;||margin-top: -10px;||margin-bottom: -5px !important;\u00bb custom_css_blurb_title=\u00bbmargin-top: 8px !important;\u00bb border_radii_image=\u00bbon|100px|100px|100px|100px\u00bb border_width_all_image=\u00bb9px\u00bb border_color_all_image=\u00bbrgba(118,182,115,0.42)\u00bb box_shadow_style_image=\u00bbpreset1&#8243; box_shadow_color_image=\u00bbrgba(118,182,115,0.39)\u00bb locked=\u00bboff\u00bb global_colors_info=\u00bb{}\u00bb custom_css_blurb_image_last_edited=\u00bbon|phone\u00bb custom_css_blurb_image_phone=\u00bbwidth: 80px !important;||order: 1 !important;||margin-left: 10px;||margin-top: 4px;\u00bb custom_css_main_element_last_edited=\u00bbon|phone\u00bb custom_css_main_element_phone=\u00bbmargin-top: 10px !important;\u00bb custom_css_blurb_image_tablet=\u00bbwidth: 70px !important;||order: 1 !important;||margin-left: 10px;||margin-top: -10px;\u00bb]<\/p>\n<p>In\u00e9s Pardo &#8211; Officer manager<\/p>\n<p>[\/et_pb_blurb][\/et_pb_column][\/et_pb_row][\/et_pb_section]<\/p>\n","protected":false},"excerpt":{"rendered":"<p>Cuenta bancaria de negocios en USAAbrimos la cuenta bancaria de tu compa\u00f1\u00edaBanco f\u00edsicoPrimera l\u00edneaAbrimos la cuenta bancaria de tu compania, en Chase, Bank of America, TD Bank, Wells-FargoBanco electr\u00f3nicoProtegido por la FDICUna cuenta de banco adaptada a las nuevas tecnologias, asegurada por la FDIC hasta u$d 3 MillonesCuenta bancariaA distanciaTrabajamos con los gerentes de banco para que no tengas que viajar a firmar y obtengas tu cuenta desde la comodidad de tu casa.COMENZA HOY POR u$d 0\u00a1Hasta que tu tr\u00e1mite este 100% terminado!In\u00e9s Pardo &#8211; Officer manager<\/p>\n","protected":false},"author":1,"featured_media":459,"parent":0,"menu_order":0,"comment_status":"closed","ping_status":"closed","template":"","meta":{"_et_pb_use_builder":"on","_et_pb_old_content":"<!-- wp:divi\/placeholder \/-->","_et_gb_content_width":"","footnotes":""},"dipi_cpt_category":[],"class_list":["post-31","page","type-page","status-publish","has-post-thumbnail","hentry"],"_links":{"self":[{"href":"https:\/\/smartusagroup.com\/es\/wp-json\/wp\/v2\/pages\/31","targetHints":{"allow":["GET"]}}],"collection":[{"href":"https:\/\/smartusagroup.com\/es\/wp-json\/wp\/v2\/pages"}],"about":[{"href":"https:\/\/smartusagroup.com\/es\/wp-json\/wp\/v2\/types\/page"}],"author":[{"embeddable":true,"href":"https:\/\/smartusagroup.com\/es\/wp-json\/wp\/v2\/users\/1"}],"replies":[{"embeddable":true,"href":"https:\/\/smartusagroup.com\/es\/wp-json\/wp\/v2\/comments?post=31"}],"version-history":[{"count":14,"href":"https:\/\/smartusagroup.com\/es\/wp-json\/wp\/v2\/pages\/31\/revisions"}],"predecessor-version":[{"id":525,"href":"https:\/\/smartusagroup.com\/es\/wp-json\/wp\/v2\/pages\/31\/revisions\/525"}],"wp:featuredmedia":[{"embeddable":true,"href":"https:\/\/smartusagroup.com\/es\/wp-json\/wp\/v2\/media\/459"}],"wp:attachment":[{"href":"https:\/\/smartusagroup.com\/es\/wp-json\/wp\/v2\/media?parent=31"}],"wp:term":[{"taxonomy":"dipi_cpt_category","embeddable":true,"href":"https:\/\/smartusagroup.com\/es\/wp-json\/wp\/v2\/dipi_cpt_category?post=31"}],"curies":[{"name":"wp","href":"https:\/\/api.w.org\/{rel}","templated":true}]}}