{"id":436,"date":"2024-08-22T06:00:13","date_gmt":"2024-08-22T06:00:13","guid":{"rendered":"https:\/\/smartusagroup.com\/?page_id=436"},"modified":"2024-08-22T13:47:41","modified_gmt":"2024-08-22T13:47:41","slug":"terminos-y-condiciones","status":"publish","type":"page","link":"https:\/\/smartusagroup.com\/en\/terminos-y-condiciones\/","title":{"rendered":"Terminos y condiciones"},"content":{"rendered":"\n[et_pb_section fb_built=\u00bb1&#8243; custom_padding_last_edited=\u00bboff|phone\u00bb _builder_version=\u00bb4.27.0&#8243; _module_preset=\u00bbdefault\u00bb custom_padding=\u00bb100px||||false|false\u00bb custom_padding_tablet=\u00bb100px||||false|false\u00bb custom_padding_phone=\u00bb10px||||false|false\u00bb hover_enabled=\u00bb0&#8243; global_colors_info=\u00bb{}\u00bb sticky_enabled=\u00bb0&#8243;][et_pb_row _builder_version=\u00bb4.27.0&#8243; _module_preset=\u00bbdefault\u00bb width_tablet=\u00bb\u00bb width_phone=\u00bb90%\u00bb width_last_edited=\u00bbon|phone\u00bb global_colors_info=\u00bb{}\u00bb][et_pb_column type=\u00bb4_4&#8243; _builder_version=\u00bb4.27.0&#8243; _module_preset=\u00bbdefault\u00bb global_colors_info=\u00bb{}\u00bb][et_pb_text _builder_version=\u00bb4.27.0&#8243; _module_preset=\u00bbdefault\u00bb text_font=\u00bbArchivo|500|||||||\u00bb link_text_color=\u00bb#79B8F7&#8243; header_font=\u00bbArchivo|600|||||||\u00bb header_2_font=\u00bbArchivo|600|||||||\u00bb header_3_font=\u00bb|600|||||||\u00bb header_4_font=\u00bb|600|||||||\u00bb header_5_font=\u00bb|600|||||||\u00bb header_6_font=\u00bb|600|||||||\u00bb global_colors_info=\u00bb{}\u00bb]<h1>T\u00e9rminos y Condiciones<\/h1>\n\n<p><strong>\u00daltima actualizaci\u00f3n:<\/strong> 6 de agosto de 2024<\/p>\n\n<p>Por favor, lea estos T\u00e9rminos y Condiciones cuidadosamente antes de usar nuestro servicio.<\/p>\n\n<h2>Interpretaci\u00f3n y Definiciones<\/h2>\n\n<h3>Interpretaci\u00f3n<\/h3>\n<p>Las palabras cuya letra inicial est\u00e1 en may\u00fascula tienen significados definidos bajo las siguientes condiciones. Las siguientes definiciones tendr\u00e1n el mismo significado independientemente de si aparecen en singular o en plural.<\/p>\n\n<h3>Definiciones<\/h3>\n<p>Para los fines de estos T\u00e9rminos y Condiciones:<\/p>\n\n<ul>\n  <li><strong>Afiliado:<\/strong> Significa una entidad que controla, est\u00e1 controlada por o est\u00e1 bajo control com\u00fan con una parte, donde \u00abcontrol\u00bb significa la propiedad del 50% o m\u00e1s de las acciones, intereses de capital u otros valores con derecho a voto para la elecci\u00f3n de directores u otra autoridad administrativa.<\/li>\n  <li><strong>Pa\u00eds:<\/strong> Se refiere a los Estados Unidos de Am\u00e9rica.<\/li>\n  <li><strong>Empresa<\/strong> (referida como \u00abla Empresa\u00bb, \u00abNosotros\u00bb, \u00abNos\u00bb o \u00abNuestro\u00bb en este Acuerdo) se refiere a SMART USA GROUP S.R.L., 407 Lincoln Rd Suite 11K, 33139, Miami Beach, FL, EE.UU.<\/li>\n  <li><strong>Dispositivo:<\/strong> Significa cualquier dispositivo que pueda acceder al Servicio, como una computadora, un celular o una tableta digital.<\/li>\n  <li><strong>Servicio:<\/strong> Se refiere al sitio web <a href=\"https:\/\/smartusagroup.com\">https:\/\/smartusagroup.com<\/a>.<\/li>\n  <li><strong>T\u00e9rminos y Condiciones<\/strong> (tambi\u00e9n referidos como \u00abT\u00e9rminos\u00bb): Significan estos T\u00e9rminos y Condiciones que forman el acuerdo completo entre Usted y la Empresa respecto al uso del Servicio.<\/li>\n  <li><strong>Servicio de Redes Sociales de Terceros:<\/strong> Significa cualquier servicio o contenido (incluyendo datos, informaci\u00f3n, productos o servicios) proporcionado por un tercero que pueda ser mostrado, incluido o puesto a disposici\u00f3n por el Servicio.<\/li>\n  <li><strong>Usted:<\/strong> Significa el individuo que accede o usa el Servicio, o la empresa, u otra entidad legal en nombre de la cual dicho individuo est\u00e1 accediendo o usando el Servicio, seg\u00fan corresponda.<\/li>\n<\/ul>\n\n<h2>Reconocimiento<\/h2>\n<p>Estos son los T\u00e9rminos y Condiciones que rigen el uso de este Servicio y el acuerdo que opera entre Usted y la Empresa. Estos T\u00e9rminos y Condiciones establecen los derechos y obligaciones de todos los usuarios respecto al uso del Servicio.<\/p>\n<p>Su acceso y uso del Servicio est\u00e1 condicionado a su aceptaci\u00f3n y cumplimiento de estos T\u00e9rminos y Condiciones. Estos T\u00e9rminos y Condiciones se aplican a todos los visitantes, usuarios y otros que accedan o usen el Servicio.<\/p>\n<p>Al acceder o usar el Servicio, Usted acepta estar sujeto a estos T\u00e9rminos y Condiciones. Si no est\u00e1 de acuerdo con alguna parte de estos T\u00e9rminos y Condiciones, no podr\u00e1 acceder al Servicio.<\/p>\n<p>Usted declara que tiene m\u00e1s de 18 a\u00f1os. La Empresa no permite que menores de 18 a\u00f1os usen el Servicio.<\/p>\n<p>Su acceso y uso del Servicio tambi\u00e9n est\u00e1 condicionado a su aceptaci\u00f3n y cumplimiento de la <a href=\"https:\/\/smartusagroup.com\/privacy-policy\">Pol\u00edtica de Privacidad<\/a> de la Empresa. Nuestra Pol\u00edtica de Privacidad describe nuestras pol\u00edticas y procedimientos sobre la recopilaci\u00f3n, uso y divulgaci\u00f3n de su informaci\u00f3n personal cuando usa el Servicio y le informa sobre sus derechos de privacidad y c\u00f3mo la ley lo protege. Por favor, lea nuestra Pol\u00edtica de Privacidad cuidadosamente antes de usar nuestro Servicio.<\/p>\n\n<h2>Enlaces a Otros Sitios Web<\/h2>\n<p>Nuestro Servicio puede contener enlaces a sitios web o servicios de terceros que no son propiedad ni est\u00e1n controlados por la Empresa.<\/p>\n<p>La Empresa no tiene control sobre, y no asume ninguna responsabilidad por, el contenido, las pol\u00edticas de privacidad o las pr\u00e1cticas de cualquier sitio web o servicio de terceros. Usted reconoce y acepta adem\u00e1s que la Empresa no ser\u00e1 responsable ni estar\u00e1 obligada, directa o indirectamente, por ning\u00fan da\u00f1o o p\u00e9rdida causado o alegado ser causado por o en conexi\u00f3n con el uso de o la confianza en cualquier contenido, bienes o servicios disponibles en o a trav\u00e9s de dichos sitios web o servicios.<\/p>\n<p>Le recomendamos encarecidamente que lea los T\u00e9rminos y Condiciones y las pol\u00edticas de privacidad de cualquier sitio web o servicio de terceros que visite.<\/p>\n\n<h2>Terminaci\u00f3n<\/h2>\n<p>Podemos terminar o suspender su acceso de inmediato, sin previo aviso o responsabilidad, por cualquier motivo, incluyendo sin limitaci\u00f3n si usted infringe estos T\u00e9rminos y Condiciones.<\/p>\n<p>Tras la terminaci\u00f3n, su derecho a usar el Servicio cesar\u00e1 de inmediato.<\/p>\n\n<h2>Limitaci\u00f3n de Responsabilidad<\/h2>\n<p>No obstante los da\u00f1os que usted pueda incurrir, la responsabilidad total de la Empresa y cualquiera de sus proveedores bajo cualquier disposici\u00f3n de estos T\u00e9rminos y su recurso exclusivo para todos los anteriores se limitar\u00e1 al monto realmente pagado por usted a trav\u00e9s del Servicio o 100 USD si no ha comprado nada a trav\u00e9s del Servicio.<\/p>\n<p>En la m\u00e1xima medida permitida por la ley aplicable, en ning\u00fan caso la Empresa o sus proveedores ser\u00e1n responsables por da\u00f1os especiales, incidentales, indirectos o consecuentes (incluyendo, pero no limitado a, da\u00f1os por p\u00e9rdida de beneficios, p\u00e9rdida de datos u otra informaci\u00f3n, interrupci\u00f3n del negocio, lesi\u00f3n personal, p\u00e9rdida de privacidad que surja de o est\u00e9 relacionada de alguna manera con el uso o la imposibilidad de usar el Servicio, software de terceros y\/o hardware de terceros utilizado con el Servicio, o de otro modo en conexi\u00f3n con cualquier disposici\u00f3n de estos T\u00e9rminos), incluso si la Empresa o cualquier proveedor ha sido informado de la posibilidad de tales da\u00f1os y aunque el remedio falle en su prop\u00f3sito esencial.<\/p>\n<p>Algunas jurisdicciones no permiten la exclusi\u00f3n de garant\u00edas impl\u00edcitas o la limitaci\u00f3n de responsabilidad por da\u00f1os incidentales o consecuentes, lo que significa que algunas de las limitaciones anteriores pueden no aplicarse. En estos estados, la responsabilidad de cada parte se limitar\u00e1 en la mayor medida permitida por la ley.<\/p>\n\n<h2>Descargo de Responsabilidad \u201cTAL CUAL\u201d y \u201cSEG\u00daN EST\u00c9 DISPONIBLE\u201d<\/h2>\n<p>El Servicio se proporciona a Usted \u201cTAL CUAL\u201d y \u201cSEG\u00daN EST\u00c9 DISPONIBLE\u201d y con todos los defectos y fallas sin garant\u00eda de ning\u00fan tipo. En la m\u00e1xima medida permitida por la ley aplicable, la Empresa, en su propio nombre y en nombre de sus Afiliados y sus respectivos licenciantes y proveedores de servicios, rechaza expresamente todas las garant\u00edas, ya sean expresas, impl\u00edcitas, estatutarias u de otro tipo, respecto al Servicio, incluyendo todas las garant\u00edas impl\u00edcitas de comerciabilidad, adecuaci\u00f3n para un prop\u00f3sito particular, t\u00edtulo y no infracci\u00f3n, y garant\u00edas que puedan surgir del curso de trato, curso de desempe\u00f1o, uso o pr\u00e1ctica comercial. Sin limitaci\u00f3n a lo anterior, la Empresa no proporciona ninguna garant\u00eda ni compromiso, y no hace ninguna representaci\u00f3n de ning\u00fan tipo de que el Servicio satisfar\u00e1 sus requisitos, lograr\u00e1 los resultados previstos, sea compatible o funcione con cualquier otro software, aplicaciones, sistemas o servicios, opere sin interrupciones, cumpla con est\u00e1ndares de rendimiento o fiabilidad o sea libre de errores o que cualquier error o defecto pueda o ser\u00e1 corregido.<\/p>\n<p>Sin limitar lo anterior, ni la Empresa ni ning\u00fan proveedor de la empresa hace ninguna representaci\u00f3n o garant\u00eda de ning\u00fan tipo, expresa o impl\u00edcita: (i) en cuanto al funcionamiento o disponibilidad del Servicio, o la informaci\u00f3n, contenido y materiales o productos incluidos en \u00e9l; (ii) de que el Servicio ser\u00e1 ininterrumpido o libre de errores; (iii) en cuanto a la exactitud, fiabilidad o actualidad de cualquier informaci\u00f3n o contenido proporcionado a trav\u00e9s del Servicio; o (iv) de que el Servicio, sus servidores, el contenido o los correos electr\u00f3nicos enviados desde o en nombre de la Empresa est\u00e1n libres de virus, scripts, caballos de Troya, gusanos, malware, bombas de tiempo u otros componentes da\u00f1inos.<\/p>\n<p>Algunas jurisdicciones no permiten la exclusi\u00f3n de ciertos tipos de garant\u00edas o limitaciones sobre los derechos estatutarios aplicables de un consumidor, por lo que algunas o todas las exclusiones y limitaciones anteriores pueden no aplicarse a usted. Pero en tal caso, las exclusiones y limitaciones establecidas en esta secci\u00f3n se aplicar\u00e1n en la mayor medida ejecutable bajo la ley aplicable.<\/p>\n\n<h2>Ley Aplicable<\/h2>\n<p>Las leyes del Estado de Florida, excluyendo sus normas sobre conflictos de leyes, regir\u00e1n estos T\u00e9rminos y su uso del Servicio. Su uso del Servicio tambi\u00e9n puede estar sujeto a otras leyes locales, estatales, nacionales o internacionales.<\/p>\n\n<h2>Resoluci\u00f3n de Disputas<\/h2>\n<p>Si tiene alguna preocupaci\u00f3n o disputa sobre el Servicio, acepta primero intentar resolver la disputa de manera informal contactando a la Empresa.<\/p>\n\n<h2>Cumplimiento Legal de los Estados Unidos<\/h2>\n<p>Usted declara y garantiza que (i) no se encuentra en un pa\u00eds que est\u00e9 sujeto a un embargo del Gobierno de los Estados Unidos, o que haya sido designado por el Gobierno de los Estados Unidos como un pa\u00eds que \u201capoya el terrorismo\u201d, y (ii) no est\u00e1 incluido en ninguna lista del Gobierno de los Estados Unidos de partes prohibidas o restringidas.<\/p>\n\n<h2>Divisibilidad y Renuncia<\/h2>\n\n<h3>Divisibilidad<\/h3>\n<p>Si alguna disposici\u00f3n de estos T\u00e9rminos se considera inaplicable o inv\u00e1lida, dicha disposici\u00f3n se cambiar\u00e1 e interpretar\u00e1 para cumplir los objetivos de dicha disposici\u00f3n en la mayor medida posible bajo la ley aplicable y las disposiciones restantes continuar\u00e1n en pleno vigor y efecto.<\/p>\n\n<h3>Renuncia<\/h3>\n<p>Excepto seg\u00fan lo dispuesto en el presente, el hecho de no ejercer un derecho o de exigir el cumplimiento de una obligaci\u00f3n bajo estos T\u00e9rminos no afectar\u00e1 la capacidad de una parte para ejercer dicho derecho o exigir tal cumplimiento en cualquier momento posterior, ni constituir\u00e1 una renuncia a una violaci\u00f3n subsiguiente.<\/p>\n\n<h2>Traducci\u00f3n Interpretativa<\/h2>\n<p>Estos T\u00e9rminos y Condiciones pueden haber sido traducidos si los hemos puesto a su disposici\u00f3n en nuestro Servicio. Usted acepta que el texto original en ingl\u00e9s prevalecer\u00e1 en caso de disputa.<\/p>\n\n<h2>Cambios en estos T\u00e9rminos y Condiciones<\/h2>\n<p>Nos reservamos el derecho, a nuestra sola discreci\u00f3n, de modificar o reemplazar estos T\u00e9rminos en cualquier momento. Si una revisi\u00f3n es material, haremos esfuerzos razonables para proporcionar un aviso con al menos 30 d\u00edas de antelaci\u00f3n antes de que entren en vigor nuevos t\u00e9rminos. Lo que constituye un cambio material ser\u00e1 determinado a nuestra sola discreci\u00f3n.<\/p>\n<p>Al continuar accediendo o usando nuestro Servicio despu\u00e9s de que esas revisiones entren en vigor, usted acepta estar sujeto a los t\u00e9rminos revisados. Si no acepta los nuevos t\u00e9rminos, en su totalidad o en parte, por favor deje de usar el sitio web y el Servicio.<\/p>\n\n<h2>Cont\u00e1ctenos<\/h2>\n<p>Si tiene alguna pregunta sobre estos T\u00e9rminos y Condiciones, puede contactarnos:<\/p>\n\n<ul>\n  <li>Por correo electr\u00f3nico: <a href=\"mailto:info@smartusagroup.com\">info@smartusagroup.com<\/a><\/li>\n  <li>Visitando esta p\u00e1gina en nuestro sitio web: <a href=\"https:\/\/smartusagroup.com\/contact\">https:\/\/smartusagroup.com\/contact<\/a><\/li>\n  <li>Por correo postal: 407 Lincoln Rd Suite 11K, 33139, Miami Beach, FL, EE.UU.<\/li>\n<\/ul>[\/et_pb_text][\/et_pb_column][\/et_pb_row][\/et_pb_section]\n","protected":false},"excerpt":{"rendered":"<p>T\u00e9rminos y Condiciones \u00daltima actualizaci\u00f3n: 6 de agosto de 2024 Por favor, lea estos T\u00e9rminos y Condiciones cuidadosamente antes de usar nuestro servicio. Interpretaci\u00f3n y Definiciones Interpretaci\u00f3n Las palabras cuya letra inicial est\u00e1 en may\u00fascula tienen significados definidos bajo las siguientes condiciones. Las siguientes definiciones tendr\u00e1n el mismo significado independientemente de si aparecen en singular o en plural. Definiciones Para los fines de estos T\u00e9rminos y Condiciones: Afiliado: Significa una entidad que controla, est\u00e1 controlada por o est\u00e1 bajo control com\u00fan con una parte, donde \u00abcontrol\u00bb significa la propiedad del 50% o m\u00e1s de las acciones, intereses de capital u otros valores con derecho a voto para la elecci\u00f3n de directores u otra autoridad administrativa. Pa\u00eds: Se refiere a los Estados Unidos de Am\u00e9rica. Empresa (referida como \u00abla Empresa\u00bb, \u00abNosotros\u00bb, \u00abNos\u00bb o \u00abNuestro\u00bb en este Acuerdo) se refiere a SMART USA GROUP S.R.L., 407 Lincoln Rd Suite 11K, 33139, Miami Beach, FL, EE.UU. Dispositivo: Significa cualquier dispositivo que pueda acceder al Servicio, como una computadora, un celular o una tableta digital. Servicio: Se refiere al sitio web https:\/\/smartusagroup.com. T\u00e9rminos y Condiciones (tambi\u00e9n referidos como \u00abT\u00e9rminos\u00bb): Significan estos T\u00e9rminos y Condiciones que forman el acuerdo completo entre Usted y la Empresa [&hellip;]<\/p>\n","protected":false},"author":1,"featured_media":459,"parent":0,"menu_order":0,"comment_status":"closed","ping_status":"closed","template":"","meta":{"_et_pb_use_builder":"on","_et_pb_old_content":"","_et_gb_content_width":"","footnotes":""},"dipi_cpt_category":[],"class_list":["post-436","page","type-page","status-publish","has-post-thumbnail","hentry"],"_links":{"self":[{"href":"https:\/\/smartusagroup.com\/en\/wp-json\/wp\/v2\/pages\/436","targetHints":{"allow":["GET"]}}],"collection":[{"href":"https:\/\/smartusagroup.com\/en\/wp-json\/wp\/v2\/pages"}],"about":[{"href":"https:\/\/smartusagroup.com\/en\/wp-json\/wp\/v2\/types\/page"}],"author":[{"embeddable":true,"href":"https:\/\/smartusagroup.com\/en\/wp-json\/wp\/v2\/users\/1"}],"replies":[{"embeddable":true,"href":"https:\/\/smartusagroup.com\/en\/wp-json\/wp\/v2\/comments?post=436"}],"version-history":[{"count":5,"href":"https:\/\/smartusagroup.com\/en\/wp-json\/wp\/v2\/pages\/436\/revisions"}],"predecessor-version":[{"id":469,"href":"https:\/\/smartusagroup.com\/en\/wp-json\/wp\/v2\/pages\/436\/revisions\/469"}],"wp:featuredmedia":[{"embeddable":true,"href":"https:\/\/smartusagroup.com\/en\/wp-json\/wp\/v2\/media\/459"}],"wp:attachment":[{"href":"https:\/\/smartusagroup.com\/en\/wp-json\/wp\/v2\/media?parent=436"}],"wp:term":[{"taxonomy":"dipi_cpt_category","embeddable":true,"href":"https:\/\/smartusagroup.com\/en\/wp-json\/wp\/v2\/dipi_cpt_category?post=436"}],"curies":[{"name":"wp","href":"https:\/\/api.w.org\/{rel}","templated":true}]}}